{"id":245,"date":"2016-05-11T10:39:49","date_gmt":"2016-05-11T10:39:49","guid":{"rendered":"http:\/\/localhost\/notariacesardiez\/?page_id=245"},"modified":"2021-05-18T11:32:20","modified_gmt":"2021-05-18T11:32:20","slug":"aviso-legal","status":"publish","type":"page","link":"https:\/\/notariacesardiez.es\/?page_id=245","title":{"rendered":"Aviso legal"},"content":{"rendered":"<header class=\"entry-header\">\n<header class=\"entry-header\"><strong>1. AVISO E INFORMACI\u00d3N LEGALES Y SU ACEPTACI\u00d3N<\/strong><\/header>\n<div class=\"entry-content clearfix\">\n<p>Seg\u00fan lo dispuesto en el art\u00edculo 10 de la Ley 34\/2002, de 11 de julio, de Servicios de la Sociedad de la Informaci\u00f3n y de Comercio Electr\u00f3nico, la Notar\u00eda \u00c1ngel-Cesar D\u00edez Gim\u00e9nez , como prestadora de servicios de la sociedad de la informaci\u00f3n que opera a trav\u00e9s de este Sitio de Internet\/P\u00e1gina-Web (www.notariacesardiez.es), pone a disposici\u00f3n de las personas y entidades interesadas los siguientes datos de informaci\u00f3n general:<\/p>\n<p>Denominaci\u00f3n Social:\u00a0Notar\u00eda \u00c1ngel-Cesar D\u00edez Gim\u00e9nez<br \/>\nLugar donde se desarrolla la actividad: Avenida Ronda de los Tejares, 32 (Pasaje El Corte Ingles) 14001 C\u00f3rdoba<br \/>\nDirecci\u00f3n de correo electr\u00f3nico: recepcion@notariacesardiez.com<\/p>\n<p>N\u00famero de Identificaci\u00f3n Fiscal (NIF):\u00a017433180-P<\/p>\n<p>Todos los contenidos de el presente sitio web, incluyendo, sin car\u00e1cter limitativo, textos, gr\u00e1ficos, im\u00e1genes, su dise\u00f1o y los derechos de propiedad intelectual que pudieran corresponder a dichos contenidos, as\u00ed como todas las marcas, nombres comerciales o cualquier otro signo distintivo, son propiedad de Notar\u00eda \u00c1ngel-Cesar D\u00edez Gim\u00e9nez\u00a0o de sus leg\u00edtimos propietarios (con quienes la \u00a0notar\u00eda \u00c1ngel-Cesar D\u00edez Gim\u00e9nez ha alcanzado los correspondientes acuerdos para la cesi\u00f3n\/licencia de estos derechos), quedando reservados todos los derechos sobre los mismos.<\/p>\n<p>Queda prohibido cualquier acto de reproducci\u00f3n de los contenidos, en todo o en parte, en cualquier forma o medio, sea mec\u00e1nico, electr\u00f3nico, reprogr\u00e1fico u otro, as\u00ed como cualquier acto de difusi\u00f3n, comunicaci\u00f3n p\u00fablica o distribuci\u00f3n, sin la previa autorizaci\u00f3n por escrito de la notar\u00eda \u00c1ngel-Cesar D\u00edez Gim\u00e9nez o de los leg\u00edtimos propietarios de los correspondientes derechos.<\/p>\n<p>La notar\u00eda \u00c1ngel-Cesar D\u00edez Gim\u00e9nez no ser\u00e1 responsable de los da\u00f1os o perjuicios que pudieran derivarse de la utilizaci\u00f3n de los contenidos por parte de los usuarios o de la infracci\u00f3n por parte de \u00e9stos de cualquier disposici\u00f3n legal vigente.<\/p>\n<p>La utilizaci\u00f3n del portal atribuye la condici\u00f3n de usuario del portal (en adelante, el \u201cUsuario\u201d) e implica la aceptaci\u00f3n plena y sin reservas de todas y cada una de las disposiciones incluidas en este Aviso Legal en la versi\u00f3n publicada por la notar\u00eda \u00c1ngel-Cesar D\u00edez Gim\u00e9nez en el momento mismo en que el Usuario acceda al portal. En consecuencia, el Usuario debe leer atentamente el presente Aviso Legal en cada una de las ocasiones en que se proponga utilizar el portal, ya que aqu\u00e9l puede sufrir modificaciones.<\/p>\n<p>La utilizaci\u00f3n de ciertos servicios ofrecidos a los Usuarios a trav\u00e9s del portal se encuentra sometida a condiciones particulares propias (en adelante, las \u201cCondiciones Particulares\u201d) que, seg\u00fan los casos, sustituyen, completan y\/o modifican el presente Aviso Legal. Por lo tanto, con anterioridad a la utilizaci\u00f3n de dichos servicios, el Usuario tambi\u00e9n ha de leer atentamente las correspondientes Condiciones Particulares.<\/p>\n<p><strong>2. PROTECCI\u00d3N DE DATOS PERSONALES<\/strong><\/p>\n<p>A efectos de lo dispuesto en la normativa vigente sobre protecci\u00f3n de datos, la notar\u00eda \u00c1ngel-Cesar D\u00edez Gim\u00e9nez informa al cliente de la existencia de ficheros automatizados de datos de car\u00e1cter personal creados por ella y bajo responsabilidad de la misma, cuya finalidad es realizar el mantenimiento y la gesti\u00f3n de la relaci\u00f3n contractual con el mismo. El cliente tiene la posibilidad de ejercitar, de acuerdo con lo establecido en dicha normativa, los derechos de acceso, rectificaci\u00f3n, cancelaci\u00f3n y oposici\u00f3n, dirigiendo un escrito a la notar\u00eda \u00c1ngel-Cesar D\u00edez Gim\u00e9nez o a la direcci\u00f3n de correro electr\u00f3nico info@notariaangelcesardiez.es,\u00a0 aportando fotocopia del DNI o documentaci\u00f3n alternativa que acredite su identidad.<\/p>\n<p>La notar\u00eda \u00c1ngel-Cesar D\u00edez Gim\u00e9nez se compromete al cumplimiento de su obligaci\u00f3n de secreto respecto a los datos de car\u00e1cter personal y de su deber de guardarlos, incluso despu\u00e9s de concluida la relaci\u00f3n contractual, adoptando las medidas de seguridad que impone la legislaci\u00f3n vigente para evitar su alteraci\u00f3n, p\u00e9rdida, tratamiento o acceso no autorizado.<\/p>\n<p>El cliente otorga su consentimiento a la notar\u00eda \u00c1ngel-Cesar D\u00edez Gim\u00e9nez para recibir de \u00e9sta \u00faltima publicidad de productos o servicios de la misma, siempre relacionados con los fines de la notar\u00eda \u00c1ngel-Cesar D\u00edez Gim\u00e9nez.<\/p>\n<p>Si no desea recibir cualquiera de dichas publicidades, podr\u00e1 comunicarlo a la direcci\u00f3n electr\u00f3nica indicada anteriormente, mediante escrito en el que obre fecha y firma original.<\/p>\n<p>La notar\u00eda \u00c1ngel-Cesar D\u00edez Gim\u00e9nez puede utilizar cookies cuando un Usuario navega por los sitios y p\u00e1ginas web del portal. Las cookies que se puedan utilizar en los sitios y p\u00e1ginas web del portal se asocian \u00fanicamente con el navegador de un ordenador determinado (un Usuario an\u00f3nimo), y no proporcionan por si el nombre y apellidos del Usuario. Gracias a las cookies, resulta posible que la web de\u00a0la notar\u00eda \u00c1ngel-Cesar D\u00edez Gim\u00e9nez reconozca los navegadores de los Usuarios registrados despu\u00e9s de que estos se hayan registrado por primera vez, sin que tengan que registrarse en cada visita para acceder a las \u00e1reas y Servicios reservados exclusivamente a ellos. Las cookies utilizadas no pueden leer los archivos cookie creados por otros proveedores. El Usuario tiene la posibilidad de configurar su navegador para ser avisado en pantalla de la recepci\u00f3n de cookies y para impedir la instalaci\u00f3n de cookies en su disco duro. Por favor, consulte las instrucciones y manuales de su navegador para ampliar \u00e9sta informaci\u00f3n. Para utilizar el Portal, no resulta necesario que el Usuario permita la instalaci\u00f3n de las cookies enviadas por la notar\u00eda \u00c1ngel-Cesar D\u00edez Gim\u00e9nez, sin perjuicio de que en tal caso ser\u00e1 necesario que el Usuario se registre cada vez que acceda a un servicio que requiera el previo registro.<\/p>\n<p>Las cookies que se utilizan en la web pueden ser servidas por la notar\u00eda \u00c1ngel-Cesar D\u00edez Gim\u00e9nez, en cuyo caso se sirven desde los distintos servidores operados por \u00e9stas, o desde los servidores de determinados terceros que nos prestan servicios y sirven las cookies por cuenta de la notar\u00eda \u00c1ngel-Cesar D\u00edez Gim\u00e9nez\u00a0(como por ejemplo, las cookies que se emplean para servir la publicidad o determinados Contenidos y que hacen que el Usuario visualice la publicidad o ciertos Contenidos en el tiempo, n\u00famero de veces y forma predeterminados). Siempre que no haya activado la opci\u00f3n que impide la instalaci\u00f3n de cookies en su disco duro, el Usuario podr\u00e1 explorar su disco duro siguiendo el manual de instrucciones y ayuda de su sistema operativo (normalmente, en sistemas operativos Windows deber\u00e1 consultar la carpeta \u201cC\u201d (o la unidad de disco correspondiente\u201d\/Windows\/Cookies\u201d) para conocer con mayor detalle cada servidor desde donde se env\u00edan las cookies.<\/p>\n<p><strong>3.\u00a0REGISTRO DE USUARIO<\/strong><\/p>\n<p>Con car\u00e1cter general la prestaci\u00f3n de los Servicios no exige la previa suscripci\u00f3n o registro de los Usuarios. No obstante, la notar\u00eda \u00c1ngel-Cesar D\u00edez Gim\u00e9nez condiciona la utilizaci\u00f3n de algunos de los Servicios a la previa cumplimentaci\u00f3n del correspondiente registro de Usuario, que se encuentra disponible para aquellos que deseen registrarse en la misma web. Asimismo, la notar\u00eda \u00c1ngel-Cesar D\u00edez Gim\u00e9nez pone a disposici\u00f3n de los Usuarios algunos Servicios cuya utilizaci\u00f3n requiere la cumplimentaci\u00f3n de registros adicionales. El citado registro se efectuar\u00e1 en la forma expresamente indicada en el propio servicio o en las Condiciones Particulares que lo regulen.<\/p>\n<\/div>\n<\/header>\n","protected":false},"excerpt":{"rendered":"<p>1. AVISO E INFORMACI\u00d3N LEGALES Y SU ACEPTACI\u00d3N Seg\u00fan lo dispuesto en el art\u00edculo 10 de la Ley 34\/2002, de 11 de julio, de Servicios de la Sociedad de la Informaci\u00f3n y de Comercio Electr\u00f3nico, la Notar\u00eda \u00c1ngel-Cesar D\u00edez Gim\u00e9nez&hellip; <\/p>\n","protected":false},"author":1,"featured_media":0,"parent":0,"menu_order":0,"comment_status":"closed","ping_status":"closed","template":"","meta":[],"categories":[105],"tags":[],"_links":{"self":[{"href":"https:\/\/notariacesardiez.es\/index.php?rest_route=\/wp\/v2\/pages\/245"}],"collection":[{"href":"https:\/\/notariacesardiez.es\/index.php?rest_route=\/wp\/v2\/pages"}],"about":[{"href":"https:\/\/notariacesardiez.es\/index.php?rest_route=\/wp\/v2\/types\/page"}],"author":[{"embeddable":true,"href":"https:\/\/notariacesardiez.es\/index.php?rest_route=\/wp\/v2\/users\/1"}],"replies":[{"embeddable":true,"href":"https:\/\/notariacesardiez.es\/index.php?rest_route=%2Fwp%2Fv2%2Fcomments&post=245"}],"version-history":[{"count":3,"href":"https:\/\/notariacesardiez.es\/index.php?rest_route=\/wp\/v2\/pages\/245\/revisions"}],"predecessor-version":[{"id":425,"href":"https:\/\/notariacesardiez.es\/index.php?rest_route=\/wp\/v2\/pages\/245\/revisions\/425"}],"wp:attachment":[{"href":"https:\/\/notariacesardiez.es\/index.php?rest_route=%2Fwp%2Fv2%2Fmedia&parent=245"}],"wp:term":[{"taxonomy":"category","embeddable":true,"href":"https:\/\/notariacesardiez.es\/index.php?rest_route=%2Fwp%2Fv2%2Fcategories&post=245"},{"taxonomy":"post_tag","embeddable":true,"href":"https:\/\/notariacesardiez.es\/index.php?rest_route=%2Fwp%2Fv2%2Ftags&post=245"}],"curies":[{"name":"wp","href":"https:\/\/api.w.org\/{rel}","templated":true}]}}