{"id":71,"date":"2016-05-06T11:50:53","date_gmt":"2016-05-06T11:50:53","guid":{"rendered":"http:\/\/localhost\/notariacesardiez\/?page_id=71"},"modified":"2021-05-19T07:23:58","modified_gmt":"2021-05-19T07:23:58","slug":"poderes","status":"publish","type":"page","link":"https:\/\/notariacesardiez.es\/?page_id=71","title":{"rendered":"Poderes"},"content":{"rendered":"<p><a href=\"http:\/\/notariacesardiez.es\/?page_id=43\">Volver a servicios<\/a> &#8211; Fuente: Consejo General del Notariado.<\/p>\n<p><a href=\"http:\/\/notariacesardiez.es\/wp-content\/uploads\/2016\/05\/PoderesNotariales.jpg\"><img loading=\"lazy\" class=\"alignnone wp-image-184\" src=\"http:\/\/notariacesardiez.es\/wp-content\/uploads\/2016\/05\/PoderesNotariales-300x97.jpg\" alt=\"notarios cordoba\" width=\"640\" height=\"207\" srcset=\"https:\/\/notariacesardiez.es\/wp-content\/uploads\/2016\/05\/PoderesNotariales-300x97.jpg 300w, https:\/\/notariacesardiez.es\/wp-content\/uploads\/2016\/05\/PoderesNotariales.jpg 642w\" sizes=\"(max-width: 640px) 100vw, 640px\" \/><\/a><\/p>\n<p>Un poder es un documento p\u00fablico autorizado por un notario que permite a una persona o empresa designar a otra como su representante para que act\u00fae en su nombre en determinados actos jur\u00eddicos, de modo que el representante deber\u00e1 acreditar su cualidad de apoderado mediante la exhibici\u00f3n de la copia autorizada del poder.<\/p>\n<p>El poderdante es, en principio, libre para revocar el poder en cualquier momento, solicitando al representante la devoluci\u00f3n de la copia autorizada del poder. Si este se negare, ser\u00e1 conveniente otorgar una escritura de revocaci\u00f3n del poder, y notificar la revocaci\u00f3n al representante a trav\u00e9s de un notario, que no tiene porqu\u00e9 coincidir con aquel ante quien se otorg\u00f3 inicialmente el poder.<\/p>\n<p>La firma electr\u00f3nica reconocida entre notarios permite remitir telem\u00e1ticamente y de manera inmediata copias autorizadas de poderes entre diferentes notar\u00edas sin que sea necesaria la remisi\u00f3n de la copia autorizada en papel, ahorrando as\u00ed un tiempo valioso en el otorgamiento de la escritura en la que intervendr\u00e1 el apoderado.<\/p>\n<p>Los poderes notariales espa\u00f1oles tienen reconocimiento internacional. La denominada Apostilla de la Haya permite que se reconozca la eficacia jur\u00eddica de un poder entre pa\u00edses firmantes del Convenio de la Haya (en la actualidad, muy pocos pa\u00edses no se han adherido a este tratado). La apostilla consiste en una anotaci\u00f3n sobre el documento p\u00fablico notarial que certificar\u00e1 la autenticidad de los documentos p\u00fablicos expedidos en otro pa\u00eds.<\/p>\n<p><strong>Clases de poderes<\/strong><\/p>\n<p>Existen diferentes tipos de poderes, lo que exige una redacci\u00f3n y tratamiento personalizado de cada uno. Consulte a su notario para que pueda asesorarle sobre cu\u00e1l es el m\u00e1s adecuado a sus intereses.<\/p>\n<p>En algunos casos se pretende delegar el mayor n\u00famero de facultades al representante incluyendo en el poder una ampl\u00edsima gama de actos que \u00e9ste podr\u00e1 realizar en nombre del poderdante, habl\u00e1ndose en estos casos del llamado poder general. Pero en realidad existen tantas posibilidades de configuraci\u00f3n de un poder como actos o negocios admiten la figura de la representaci\u00f3n. As\u00ed, cabe se\u00f1alar el poder para pleitos (que facultan a un procurador para personarse en un juicio en nombre de alguien), el poder para contraer matrimonio (si los c\u00f3nyuges residen en lugares diferentes), y en general cualquier otro referido a los actos que permiten el juego de la representaci\u00f3n. T\u00e9ngase en cuenta que existen determinado actos o negocios jur\u00eddicos para los que no se permite la representaci\u00f3n, como por ejemplo, la posibilidad de otorgar testamento que, salvo en algunas legislaciones forales, se considera como un acto personal\u00edsimo.<\/p>\n","protected":false},"excerpt":{"rendered":"<p>Volver a servicios &#8211; Fuente: Consejo General del Notariado. Un poder es un documento p\u00fablico autorizado por un notario que permite a una persona o empresa designar a otra como su representante para que act\u00fae en su nombre en determinados&hellip; <\/p>\n","protected":false},"author":1,"featured_media":0,"parent":0,"menu_order":0,"comment_status":"closed","ping_status":"closed","template":"","meta":[],"categories":[4],"tags":[65,63,68,64,75,67,10,13,9,47,104,100,101,102,99,103],"_links":{"self":[{"href":"https:\/\/notariacesardiez.es\/index.php?rest_route=\/wp\/v2\/pages\/71"}],"collection":[{"href":"https:\/\/notariacesardiez.es\/index.php?rest_route=\/wp\/v2\/pages"}],"about":[{"href":"https:\/\/notariacesardiez.es\/index.php?rest_route=\/wp\/v2\/types\/page"}],"author":[{"embeddable":true,"href":"https:\/\/notariacesardiez.es\/index.php?rest_route=\/wp\/v2\/users\/1"}],"replies":[{"embeddable":true,"href":"https:\/\/notariacesardiez.es\/index.php?rest_route=%2Fwp%2Fv2%2Fcomments&post=71"}],"version-history":[{"count":5,"href":"https:\/\/notariacesardiez.es\/index.php?rest_route=\/wp\/v2\/pages\/71\/revisions"}],"predecessor-version":[{"id":458,"href":"https:\/\/notariacesardiez.es\/index.php?rest_route=\/wp\/v2\/pages\/71\/revisions\/458"}],"wp:attachment":[{"href":"https:\/\/notariacesardiez.es\/index.php?rest_route=%2Fwp%2Fv2%2Fmedia&parent=71"}],"wp:term":[{"taxonomy":"category","embeddable":true,"href":"https:\/\/notariacesardiez.es\/index.php?rest_route=%2Fwp%2Fv2%2Fcategories&post=71"},{"taxonomy":"post_tag","embeddable":true,"href":"https:\/\/notariacesardiez.es\/index.php?rest_route=%2Fwp%2Fv2%2Ftags&post=71"}],"curies":[{"name":"wp","href":"https:\/\/api.w.org\/{rel}","templated":true}]}}