{"id":83,"date":"2016-05-06T11:52:52","date_gmt":"2016-05-06T11:52:52","guid":{"rendered":"http:\/\/localhost\/notariacesardiez\/?page_id=83"},"modified":"2021-05-19T07:25:40","modified_gmt":"2021-05-19T07:25:40","slug":"testimonios-o-compulsas-de-documentos","status":"publish","type":"page","link":"https:\/\/notariacesardiez.es\/?page_id=83","title":{"rendered":"Testimonios o compulsas de documentos"},"content":{"rendered":"<p><a href=\"http:\/\/notariacesardiez.es\/?page_id=43\">Volver a servicios<\/a> &#8211; Fuente: Consejo General del Notariado.<\/p>\n<p><a href=\"http:\/\/notariacesardiez.es\/wp-content\/uploads\/2016\/05\/compulsa-de-documentos.jpg\"><img loading=\"lazy\" class=\"alignnone wp-image-197\" src=\"http:\/\/notariacesardiez.es\/wp-content\/uploads\/2016\/05\/compulsa-de-documentos-300x97.jpg\" alt=\"notarios cordoba\" width=\"640\" height=\"207\" srcset=\"https:\/\/notariacesardiez.es\/wp-content\/uploads\/2016\/05\/compulsa-de-documentos-300x97.jpg 300w, https:\/\/notariacesardiez.es\/wp-content\/uploads\/2016\/05\/compulsa-de-documentos.jpg 642w\" sizes=\"(max-width: 640px) 100vw, 640px\" \/><\/a><\/p>\n<p>Seg\u00fan la RAE, cuando hablamos de compulsar documentos nos referimos al hecho de \u00ab<strong>cotejar una copia con el documento original para determinar su exactitud<\/strong>\u00bb<\/p>\n<p>Por lo tanto, a la hora de solicitar una fotocopia compulsada deber\u00e1n a\u00f1adirle un sello o alguna otra acreditaci\u00f3n que justifique esta exactitud y veracidad entre la copia y el documento original.<\/p>\n<p>Los documentos o copias compulsados tendr\u00e1n la misma validez que sus originales, aunque esto no acredita la autenticidad del documento original. Las compulsas pueden requerirse en distintos \u00e1mbitos como puede ser el acad\u00e9mico, legal, inmobiliario, etc.<\/p>\n<p>\u00bfD\u00f3nde se pueden compulsar documentos?<\/p>\n<p>A la hora de compulsar documentos, variar\u00e1 mucho en funci\u00f3n del pa\u00eds o regi\u00f3n donde vivas, as\u00ed como tambi\u00e9n para qu\u00e9 necesites la fotocopia compulsada. Lo normal es que la Administraci\u00f3n u Organismo oficial donde debas entregar los documentos sea quien haga la compulsa, como es el caso de las oficinas de registro. Asimismo, un notario tambi\u00e9n podr\u00e1 realizar la compulsa de documentos y garantizar la veracidad de los mismos.<\/p>\n<h2 id=\"que-validez-tiene-un-documento-compulsado\" class=\"claim\"><\/h2>\n","protected":false},"excerpt":{"rendered":"<p>Volver a servicios &#8211; Fuente: Consejo General del Notariado. Seg\u00fan la RAE, cuando hablamos de compulsar documentos nos referimos al hecho de \u00abcotejar una copia con el documento original para determinar su exactitud\u00bb Por lo tanto, a la hora de&hellip; <\/p>\n","protected":false},"author":1,"featured_media":0,"parent":0,"menu_order":0,"comment_status":"closed","ping_status":"closed","template":"","meta":[],"categories":[4],"tags":[],"_links":{"self":[{"href":"https:\/\/notariacesardiez.es\/index.php?rest_route=\/wp\/v2\/pages\/83"}],"collection":[{"href":"https:\/\/notariacesardiez.es\/index.php?rest_route=\/wp\/v2\/pages"}],"about":[{"href":"https:\/\/notariacesardiez.es\/index.php?rest_route=\/wp\/v2\/types\/page"}],"author":[{"embeddable":true,"href":"https:\/\/notariacesardiez.es\/index.php?rest_route=\/wp\/v2\/users\/1"}],"replies":[{"embeddable":true,"href":"https:\/\/notariacesardiez.es\/index.php?rest_route=%2Fwp%2Fv2%2Fcomments&post=83"}],"version-history":[{"count":5,"href":"https:\/\/notariacesardiez.es\/index.php?rest_route=\/wp\/v2\/pages\/83\/revisions"}],"predecessor-version":[{"id":460,"href":"https:\/\/notariacesardiez.es\/index.php?rest_route=\/wp\/v2\/pages\/83\/revisions\/460"}],"wp:attachment":[{"href":"https:\/\/notariacesardiez.es\/index.php?rest_route=%2Fwp%2Fv2%2Fmedia&parent=83"}],"wp:term":[{"taxonomy":"category","embeddable":true,"href":"https:\/\/notariacesardiez.es\/index.php?rest_route=%2Fwp%2Fv2%2Fcategories&post=83"},{"taxonomy":"post_tag","embeddable":true,"href":"https:\/\/notariacesardiez.es\/index.php?rest_route=%2Fwp%2Fv2%2Ftags&post=83"}],"curies":[{"name":"wp","href":"https:\/\/api.w.org\/{rel}","templated":true}]}}