{"id":96,"date":"2016-05-06T12:11:21","date_gmt":"2016-05-06T12:11:21","guid":{"rendered":"http:\/\/localhost\/notariacesardiez\/?page_id=96"},"modified":"2021-05-19T05:44:00","modified_gmt":"2021-05-19T05:44:00","slug":"d-angel-cesar-diez-gimenez","status":"publish","type":"page","link":"https:\/\/notariacesardiez.es\/?page_id=96","title":{"rendered":"D. \u00c1ngel-Cesar D\u00edez Gim\u00e9nez [Notario]"},"content":{"rendered":"<figure id=\"attachment_270\" aria-describedby=\"caption-attachment-270\" style=\"width: 160px\" class=\"wp-caption alignleft\"><a href=\"http:\/\/notariacesardiez.es\/wp-content\/uploads\/2016\/05\/AngelCesarDiez.jpg\"><img loading=\"lazy\" class=\"wp-image-270\" title=\"D. \u00c3\u0081ngel Cesar D\u00c3\u00adez Gimenez\" src=\"http:\/\/localhost\/notariacesardiez\/wp-content\/uploads\/2016\/05\/AngelCesarDiez-260x300.jpg\" alt=\"notarios cordoba\" width=\"160\" height=\"185\" srcset=\"https:\/\/notariacesardiez.es\/wp-content\/uploads\/2016\/05\/AngelCesarDiez-260x300.jpg 260w, https:\/\/notariacesardiez.es\/wp-content\/uploads\/2016\/05\/AngelCesarDiez.jpg 324w\" sizes=\"(max-width: 160px) 100vw, 160px\" \/><\/a><figcaption id=\"caption-attachment-270\" class=\"wp-caption-text\">D. \u00c1\u0081ngel Cesar D\u00ed\u00adez Gim\u00e9nez<\/figcaption><\/figure>\n<p><strong>D. \u00c1\u0081ngel Cesar D\u00ed\u00adez Gim\u00e9nez<br \/>\n<\/strong><\/p>\n<p><strong>Notario<br \/>\n<\/strong><\/p>\n<p>Cumplimente el siguiente formulario correctamente en todos sus apartados todos los campos del mismo son obligatorios, contactaremos con usted en el plazo m\u00e1s breve que nos sea posible.<\/p>\n<p><strong>\u00a0<\/strong><\/p>\n<p><span style=\"color: #ffffff;\">.<\/span><\/p>\n<p><span style=\"color: #ffffff;\">.<\/span><\/p>\n<p><span style=\"color: #ffffff;\">.<\/span><\/p>\n<div role=\"form\" class=\"wpcf7\" id=\"wpcf7-f92-o1\" lang=\"es-ES\" dir=\"ltr\">\n<div class=\"screen-reader-response\"><p role=\"status\" aria-live=\"polite\" aria-atomic=\"true\"><\/p> <ul><\/ul><\/div>\n<form action=\"\/index.php?rest_route=%2Fwp%2Fv2%2Fpages%2F96#wpcf7-f92-o1\" method=\"post\" class=\"wpcf7-form init\" novalidate=\"novalidate\" data-status=\"init\">\n<div style=\"display: none;\">\n<input type=\"hidden\" name=\"_wpcf7\" value=\"92\" \/>\n<input type=\"hidden\" name=\"_wpcf7_version\" value=\"5.4.1\" \/>\n<input type=\"hidden\" name=\"_wpcf7_locale\" value=\"es_ES\" \/>\n<input type=\"hidden\" name=\"_wpcf7_unit_tag\" value=\"wpcf7-f92-o1\" \/>\n<input type=\"hidden\" name=\"_wpcf7_container_post\" value=\"0\" \/>\n<input type=\"hidden\" name=\"_wpcf7_posted_data_hash\" value=\"\" \/>\n<input type=\"hidden\" name=\"_wpcf7_recaptcha_response\" value=\"\" \/>\n<\/div>\n<p>Nombre (requerido)<br\/><br \/>\n    <span class=\"wpcf7-form-control-wrap tu-nombre\"><input type=\"text\" name=\"tu-nombre\" value=\"\" size=\"40\" class=\"wpcf7-form-control wpcf7-text wpcf7-validates-as-required\" aria-required=\"true\" aria-invalid=\"false\" \/><\/span> <\/p>\n<p>Apellidos (requerido)<br\/><br \/>\n    <span class=\"wpcf7-form-control-wrap tus-apellidos\"><input type=\"text\" name=\"tus-apellidos\" value=\"\" size=\"40\" class=\"wpcf7-form-control wpcf7-text wpcf7-validates-as-required\" aria-required=\"true\" aria-invalid=\"false\" \/><\/span> <\/p>\n<p>Tel\u00e9fono de Contacto (requerido)<br\/><br \/>\n    <span class=\"wpcf7-form-control-wrap tu-telefono\"><input type=\"tel\" name=\"tu-telefono\" value=\"\" size=\"40\" class=\"wpcf7-form-control wpcf7-text wpcf7-tel wpcf7-validates-as-required wpcf7-validates-as-tel\" aria-required=\"true\" aria-invalid=\"false\" \/><\/span> <\/p>\n<p>Correo electr\u00f3nico (requerido)<br\/><br \/>\n    <span class=\"wpcf7-form-control-wrap tu-email\"><input type=\"email\" name=\"tu-email\" value=\"\" size=\"40\" class=\"wpcf7-form-control wpcf7-text wpcf7-email wpcf7-validates-as-required wpcf7-validates-as-email\" aria-required=\"true\" aria-invalid=\"false\" \/><\/span> <\/p>\n<p>Asunto<br\/><br \/>\n    <span class=\"wpcf7-form-control-wrap tu-asunto\"><input type=\"text\" name=\"tu-asunto\" value=\"\" size=\"40\" class=\"wpcf7-form-control wpcf7-text\" aria-invalid=\"false\" \/><\/span> <\/p>\n<p>Mensaje<br\/><br \/>\n    <span class=\"wpcf7-form-control-wrap tu-mensaje\"><textarea name=\"tu-mensaje\" cols=\"40\" rows=\"10\" class=\"wpcf7-form-control wpcf7-textarea\" aria-invalid=\"false\"><\/textarea><\/span> <\/p>\n<p><input type=\"hidden\" name=\"_wpcf7_captcha_challenge_captcha-92\" value=\"3777393755\" \/><img class=\"wpcf7-form-control wpcf7-captchac wpcf7-captcha-captcha-92\" width=\"72\" height=\"24\" alt=\"captcha\" src=\"https:\/\/notariacesardiez.es\/wp-content\/uploads\/wpcf7_captcha\/3777393755.png\" \/> <span class=\"wpcf7-form-control-wrap captcha-92\"><input type=\"text\" name=\"captcha-92\" value=\"\" size=\"40\" class=\"wpcf7-form-control wpcf7-captchar\" autocomplete=\"off\" aria-invalid=\"false\" \/><\/span><\/p>\n<p><input type=\"submit\" value=\"Enviar\" class=\"wpcf7-form-control wpcf7-submit\" \/><\/p>\n<div class=\"wpcf7-response-output\" aria-hidden=\"true\"><\/div><\/form><\/div>\n","protected":false},"excerpt":{"rendered":"<p>D. \u00c1\u0081ngel Cesar D\u00ed\u00adez Gim\u00e9nez Notario Cumplimente el siguiente formulario correctamente en todos sus apartados todos los campos del mismo son obligatorios, contactaremos con usted en el plazo m\u00e1s breve que nos sea posible. \u00a0 . . .<\/p>\n","protected":false},"author":1,"featured_media":0,"parent":0,"menu_order":0,"comment_status":"closed","ping_status":"closed","template":"","meta":[],"categories":[5],"tags":[65,63,68,64,67,10,13,9,47],"_links":{"self":[{"href":"https:\/\/notariacesardiez.es\/index.php?rest_route=\/wp\/v2\/pages\/96"}],"collection":[{"href":"https:\/\/notariacesardiez.es\/index.php?rest_route=\/wp\/v2\/pages"}],"about":[{"href":"https:\/\/notariacesardiez.es\/index.php?rest_route=\/wp\/v2\/types\/page"}],"author":[{"embeddable":true,"href":"https:\/\/notariacesardiez.es\/index.php?rest_route=\/wp\/v2\/users\/1"}],"replies":[{"embeddable":true,"href":"https:\/\/notariacesardiez.es\/index.php?rest_route=%2Fwp%2Fv2%2Fcomments&post=96"}],"version-history":[{"count":22,"href":"https:\/\/notariacesardiez.es\/index.php?rest_route=\/wp\/v2\/pages\/96\/revisions"}],"predecessor-version":[{"id":433,"href":"https:\/\/notariacesardiez.es\/index.php?rest_route=\/wp\/v2\/pages\/96\/revisions\/433"}],"wp:attachment":[{"href":"https:\/\/notariacesardiez.es\/index.php?rest_route=%2Fwp%2Fv2%2Fmedia&parent=96"}],"wp:term":[{"taxonomy":"category","embeddable":true,"href":"https:\/\/notariacesardiez.es\/index.php?rest_route=%2Fwp%2Fv2%2Fcategories&post=96"},{"taxonomy":"post_tag","embeddable":true,"href":"https:\/\/notariacesardiez.es\/index.php?rest_route=%2Fwp%2Fv2%2Ftags&post=96"}],"curies":[{"name":"wp","href":"https:\/\/api.w.org\/{rel}","templated":true}]}}